{"id":24,"date":"2020-03-04T11:56:39","date_gmt":"2020-03-04T03:56:39","guid":{"rendered":"http:\/\/www.spckitchen.com\/?page_id=24"},"modified":"2024-10-12T16:20:37","modified_gmt":"2024-10-12T08:20:37","slug":"privacy-policy","status":"publish","type":"page","link":"https:\/\/www.spckitchen.com\/de\/company-advantage\/privacy-policy\/","title":{"rendered":"Datenschutzerkl\u00e4rung"},"content":{"rendered":"<h1 style=\"text-align: center;\">Datenschutzerkl\u00e4rung<\/h1>\n<p>Auf (ab sofort wird als) bezeichnet, da die Privatsph\u00e4re der Besucher unsere ernste Sorge ist. Diese Datenschutzrichtlinie beschreibt, welche Art von personenbezogenen Daten von uns empfangen und gesammelt werden k\u00f6nnen und wie diese Informationen verwendet werden.<\/p>\n<h2>Soziale und Suchmaschinenanzeigen<\/h2>\n<p>Wie viele andere professionelle Websites, investieren Sie in die Internet-Werbung. Zu unseren Werbepartnern z\u00e4hlen Facebook Ads und Google ds. Um den ROI der Online-Werbung zu maximieren und Zielkunden zu finden, wurden einige Tracking-Codes angewendet, die von diesen Suchmaschinen generiert wurden, um Benutzer-IPs und Seitenaufrufe aufzuzeichnen.<\/p>\n<h2>Gesch\u00e4ftskontaktdaten<\/h2>\n<p>Wir sammeln alle Gesch\u00e4ftskontaktdaten, die \u00fcber E-Mails oder Webformulare von Besuchern gesendet werden. Die eingegebenen Besucher-Identifikations- und Kontaktdaten werden ausschlie\u00dflich f\u00fcr den internen Gebrauch aufbewahrt. die Sicherheit und ordnungsgem\u00e4\u00dfe Nutzung dieser Daten gew\u00e4hrleisten.<\/p>\n<h2>Nutzung von Informationen<\/h2>\n<p>Wir verwenden Ihre personenbezogenen Daten nur wie unten beschrieben, es sei denn, Sie haben ausdr\u00fccklich einer anderen Art der Verwendung zugestimmt, entweder zum Zeitpunkt, an dem die personenbezogenen Daten von Ihnen erhoben werden, oder durch eine andere Form der Einwilligung von Ihnen:<\/p>\n<p>Wir verwenden personenbezogene Daten, um alle Bestellungen, die Sie aufgegeben haben, abzuschlie\u00dfen.<\/p>\n<p>Wir verwenden personenbezogene Daten, um Ihnen die spezifischen Dienstleistungen zu bieten, die Sie angefordert haben, z. B. einen Einzelh\u00e4ndler zu erreichen.<\/p>\n<p>Wir verwenden Ihre pers\u00f6nlichen Daten, um Fragen zu beantworten, die Sie uns senden.<\/p>\n<p>Wir verwenden Ihre personenbezogenen Daten, um Ihnen von Zeit zu Zeit E-Mails zu senden, wie z. B. Newsletter und Benachrichtigungen zu unseren Aktionen.<\/p>\n<p>Wir k\u00f6nnen personenbezogene Daten offenlegen, wie gesetzlich oder rechtlich vorgeschrieben.<\/p>\n<p>Wir k\u00f6nnen personenbezogene Daten offenlegen, um vermuteten Betrug, Bel\u00e4stigung oder andere Verst\u00f6\u00dfe gegen Gesetze, Regeln oder Vorschriften oder die Bedingungen oder Richtlinien der Website zu untersuchen.<\/p>\n<h2>OPT OUT\/KORREKTUREN<\/h2>\n<p>Upon your request, we will (a) correct or update your personal information; (b) stop sending emails to your email address; and\/or (c) disable your account to prevent any future purchases through that account. You can make these requests at the customer information section, or by telephoning, or emailing your request<\/p>\n<p>\u2019s Customer Support Department at . Please do not email your credit card number or other sensitive information.<\/p>\n<h2>Allgemeine Gesch\u00e4ftsbedingungen<\/h2>\n<h3>1. Anwendung und Annahme der Bedingungen<\/h3>\n<p>Willkommen auf unserer Website! Dieses Dokument ist eine rechtsverbindliche Vereinbarung zwischen Ihnen als Benutzer der Website (im Folgenden als &#8220;Sie&#8221;, &#8220;Ihr&#8221; oder &#8220;Benutzer&#8221; bezeichnet) und &#8212; Eigent\u00fcmer der Website.<\/p>\n<p>1.1 Ihre Verwendung von &#8216; Services und Produkte (gemeinsam als die &#8220;Services&#8221; im Folgenden) unterliegen den in diesem Dokument enthaltenen Bedingungen sowie der Datenschutzrichtlinie und allen anderen Regeln und Richtlinien, die von Zeit zu Zeit ver\u00f6ffentlicht werden k\u00f6nnen. Dieses Dokument und solche anderen Regeln und Richtlinien werden im Folgenden gemeinsam als &#8220; Bedingungen&#8221; Durch den Zugriff auf oder die Nutzung der Dienste stimmen Sie zu, die Bedingungen zu akzeptieren und an sie gebunden zu sein. Bitte nutzen Sie die Dienste nicht oder wenn Sie nicht alle Bedingungen akzeptieren.<\/p>\n<p>1.2 Sie d\u00fcrfen die Dienste nicht nutzen und k\u00f6nnen die Bedingungen nicht akzeptieren, wenn (a) Sie nicht vollj\u00e4hrig sind, um einen verbindlichen Vertrag zu schlie\u00dfen, oder (b) Sie keine Dienste gem\u00e4\u00df den Gesetzen der PR China oder anderer L\u00e4nder \/ Regionen erhalten d\u00fcrfen, einschlie\u00dflich des Landes \/ der Region, in dem Sie wohnen oder aus der Sie die Dienste nutzen.<\/p>\n<p>1.3 Sie erkennen an und stimmen zu, dass Sie die Bedingungen jederzeit \u00e4ndern k\u00f6nnen, indem Sie die entsprechenden ge\u00e4nderten und neu formulierten Bedingungen auf . Durch die weitere Nutzung der Dienste stimmen Sie zu, dass die ge\u00e4nderten Bedingungen f\u00fcr Sie gelten.<\/p>\n<h3>2. Nutzer im Allgemeinen<\/h3>\n<p>2.1 Als Bedingung f\u00fcr Ihren Zugriff auf und die Nutzung der Dienste stimmen Sie zu, dass Sie bei der Nutzung der Dienste alle geltenden Gesetze und Vorschriften einhalten.<\/p>\n<p>2.2 Sie m\u00fcssen lesen &#8216; Datenschutzrichtlinie, die den Schutz und die Verwendung personenbezogener Daten \u00fcber Nutzer regelt, die im Besitz von und unseren verbundenen Unternehmen sind. Sie akzeptieren die Bedingungen der Datenschutzrichtlinie und stimmen der Verwendung Ihrer personenbezogenen Daten gem\u00e4\u00df der Datenschutzrichtlinie zu.<\/p>\n<p>2.3 Sie stimmen zu, keine Ma\u00dfnahmen zu ergreifen, die die Integrit\u00e4t der Computersysteme oder Netzwerke von und\/oder anderen Benutzern untergraben oder unbefugten Zugriff auf solche Computersysteme oder Netzwerke zu erlangen.<\/p>\n<p>2.4 Sie stimmen zu, keine Vorteile bei der Nutzung der auf oder von Vertretern der Aktivit\u00e4ten aufgef\u00fchrten Informationen zu nutzen, einschlie\u00dflich: Festlegung von Preisniveaus oder Angebote f\u00fcr Produkte und Dienstleistungen, die nicht von Ihnen gekauft werden, Vorbereitung von Website-Inhalten, Schreiben von Vertragen oder Vereinbarungen, die ohne Ihre Teilnahme sind.<\/p>\n<h3>3. Produkte und Preise<\/h3>\n<p>3.1 Da wir unsere Produkte und Dienstleistungen kontinuierlich entwickeln und aktualisieren, k\u00f6nnen alle technischen, nicht technischen Spezifikationen, einschlie\u00dflich, aber nicht beschr\u00e4nkt auf, Webseiten, Berichtstabellen, Abbildungen, Bilder, Videos oder Audios eines der Produkte, ohne vorherige Benachrichtigung entweder online oder offline ge\u00e4ndert oder vollst\u00e4ndig ge\u00e4ndert werden.<\/p>\n<p>3.2 Die Preise, die auf oder von Vertretern angeboten werden, k\u00f6nnen sich ohne vorherige Ank\u00fcndigung \u00e4ndern.<\/p>\n<h3>4. Haftungsbeschr\u00e4nkung<\/h3>\n<p>4.1 Jedes heruntergeladene oder anderweitig erhaltene Material erfolgt bei jedem Benutzer&#8217; s alleiniges Ermessen und Risiko und jeder Benutzer ist allein verantwortlich f\u00fcr alle Sch\u00e4den an &#8216; Computersystem oder Datenverlust, der durch das Herunterladen eines solchen Materials entstehen kann.<\/p>","protected":false},"excerpt":{"rendered":"<p>Privacy Policy On ( from now on, will be referred as ), as visitor privacy is of our serious concern. This privacy policy page describes what kind of personal information may be received and collected by and how the information will be used. Social and Search Engine Ads As many other professional sites, invest on [&hellip;]<\/p>","protected":false},"author":1,"featured_media":0,"parent":10,"menu_order":9,"comment_status":"closed","ping_status":"closed","template":"Privacy_Policy.php","meta":{"om_disable_all_campaigns":false,"_monsterinsights_skip_tracking":false,"_monsterinsights_sitenote_active":false,"_monsterinsights_sitenote_note":"","_monsterinsights_sitenote_category":0,"footnotes":""},"class_list":["post-24","page","type-page","status-publish","hentry"],"_links":{"self":[{"href":"https:\/\/www.spckitchen.com\/de\/wp-json\/wp\/v2\/pages\/24"}],"collection":[{"href":"https:\/\/www.spckitchen.com\/de\/wp-json\/wp\/v2\/pages"}],"about":[{"href":"https:\/\/www.spckitchen.com\/de\/wp-json\/wp\/v2\/types\/page"}],"author":[{"embeddable":true,"href":"https:\/\/www.spckitchen.com\/de\/wp-json\/wp\/v2\/users\/1"}],"replies":[{"embeddable":true,"href":"https:\/\/www.spckitchen.com\/de\/wp-json\/wp\/v2\/comments?post=24"}],"version-history":[{"count":4,"href":"https:\/\/www.spckitchen.com\/de\/wp-json\/wp\/v2\/pages\/24\/revisions"}],"predecessor-version":[{"id":960,"href":"https:\/\/www.spckitchen.com\/de\/wp-json\/wp\/v2\/pages\/24\/revisions\/960"}],"up":[{"embeddable":true,"href":"https:\/\/www.spckitchen.com\/de\/wp-json\/wp\/v2\/pages\/10"}],"wp:attachment":[{"href":"https:\/\/www.spckitchen.com\/de\/wp-json\/wp\/v2\/media?parent=24"}],"curies":[{"name":"wp","href":"https:\/\/api.w.org\/{rel}","templated":true}]}}