{"id":24,"date":"2020-03-04T11:56:39","date_gmt":"2020-03-04T03:56:39","guid":{"rendered":"http:\/\/www.spckitchen.com\/?page_id=24"},"modified":"2024-10-12T16:20:37","modified_gmt":"2024-10-12T08:20:37","slug":"privacy-policy","status":"publish","type":"page","link":"https:\/\/www.spckitchen.com\/es\/company-advantage\/privacy-policy\/","title":{"rendered":"Pol\u00edtica de privacidad"},"content":{"rendered":"<h1 style=\"text-align: center;\">Pol\u00edtica de privacidad<\/h1>\n<p>En adelante (a partir de ahora, se referir\u00e1 como ), ya que la privacidad del visitante es de nuestra seria preocupaci\u00f3n. Esta p\u00e1gina de pol\u00edtica de privacidad describe qu\u00e9 tipo de informaci\u00f3n personal puede ser recibida y recogida por y c\u00f3mo la informaci\u00f3n ser\u00e1 usada.<\/p>\n<h2>Anuncios sociales y de motores de b\u00fasqueda<\/h2>\n<p>Como muchos otros sitios profesionales, invertir en la publicidad en Internet. Nuestros socios de publicidad incluyen Facebook Ads y Google ds. Para maximizar el ROI de la publicidad en l\u00ednea y encontrar clientes objetivo, se aplicaron algunos c\u00f3digos de seguimiento generados por esos motores de b\u00fasqueda para registrar las direcciones IP de los usuarios y los flujos de visualizaci\u00f3n de p\u00e1ginas.<\/p>\n<h2>Datos de contacto empresarial<\/h2>\n<p>Recopilamos todos los datos de contacto empresarial enviados a trav\u00e9s de correos electr\u00f3nicos o formularios web de los visitantes. Los datos relacionados con la identificaci\u00f3n del visitante y el contacto introducidos se conservar\u00e1n estrictamente para su uso interno. garantizar\u00e1 la seguridad y el uso adecuado de esos datos.<\/p>\n<h2>Uso de la informaci\u00f3n<\/h2>\n<p>Solo utilizaremos su informaci\u00f3n de identificaci\u00f3n personal como se describe a continuaci\u00f3n, a menos que usted haya dado su consentimiento espec\u00edficamente a otro tipo de uso, ya sea en el momento en que se recopila la informaci\u00f3n de identificaci\u00f3n personal de usted o a trav\u00e9s de alguna otra forma de consentimiento de su parte:<\/p>\n<p>Utilizaremos informaci\u00f3n de identificaci\u00f3n personal para completar cualquier pedido que haya realizado.<\/p>\n<p>Utilizaremos informaci\u00f3n de identificaci\u00f3n personal para proporcionarle los servicios espec\u00edficos que ha solicitado, como llegar a un minorista.<\/p>\n<p>Utilizaremos su informaci\u00f3n de identificaci\u00f3n personal para responder a las preguntas que nos env\u00ede.<\/p>\n<p>Utilizaremos su informaci\u00f3n de identificaci\u00f3n personal para enviarle correos electr\u00f3nicos de vez en cuando, como boletines informativos y avisos sobre nuestras promociones.<\/p>\n<p>Podemos divulgar informaci\u00f3n de identificaci\u00f3n personal seg\u00fan lo requiera la ley o el proceso legal.<\/p>\n<p>Podemos divulgar informaci\u00f3n de identificaci\u00f3n personal para investigar sospechas de fraude, acoso u otras violaciones de cualquier ley, regla o reglamento, o los t\u00e9rminos o pol\u00edticas del sitio web.<\/p>\n<h2>OPT OUT\/CORRECCIONES<\/h2>\n<p>Upon your request, we will (a) correct or update your personal information; (b) stop sending emails to your email address; and\/or (c) disable your account to prevent any future purchases through that account. You can make these requests at the customer information section, or by telephoning, or emailing your request<\/p>\n<p>\u2019s Customer Support Department at . Please do not email your credit card number or other sensitive information.<\/p>\n<h2>T\u00e9rminos y condiciones<\/h2>\n<h3>1. Aplicaci\u00f3n y aceptaci\u00f3n de los T\u00e9rminos<\/h3>\n<p>\u00a1Bienvenido a nuestro sitio! Este documento es un acuerdo legalmente vinculante entre usted como el usuario (s) del sitio (referido como &#8220;usted&#8221;, &#8220;su&#8221; o &#8220;Usuario&#8221; en adelante) y &#8212; propietario del sitio.<\/p>\n<p>1.1 Su uso de &#8216; Servicios, y productos (colectivamente los \u201cServicios\u201d en adelante) est\u00e1n sujetos a los t\u00e9rminos y condiciones contenidos en este documento, as\u00ed como a la Pol\u00edtica de Privacidad y cualquier otra regla y pol\u00edtica que pueda publicarse de vez en cuando. Este documento y dichas otras reglas y pol\u00edticas se denominan colectivamente a continuaci\u00f3n como &#8220; T\u00e9rminos&#8221; Al acceder o utilizar los Servicios, usted acepta aceptar y estar obligado por los T\u00e9rminos. Por favor, no utilice los Servicios o si no acepta todos los T\u00e9rminos.<\/p>\n<p>1.2 Usted no puede usar los Servicios y no puede aceptar los T\u00e9rminos si (a) no es mayor de edad para formar un contrato vinculante con, o (b) no est\u00e1 autorizado a recibir ning\u00fan Servicio bajo las leyes de la Rep\u00fablica Popular China u otros pa\u00edses \/ regiones, incluido el pa\u00eds \/ regi\u00f3n en el que reside o desde el que utiliza los Servicios.<\/p>\n<p>1.3 Usted reconoce y acepta que puede modificar los T\u00e9rminos en cualquier momento publicando los T\u00e9rminos modificados y restablecidos relevantes en . Al continuar utilizando los Servicios, usted acepta que los T\u00e9rminos modificados se aplicar\u00e1n a usted.<\/p>\n<h3>2. Usuarios en general<\/h3>\n<p>2.1 Como condici\u00f3n de su acceso y uso de los Servicios, usted acepta cumplir con todas las leyes y reglamentos aplicables al usar los Servicios.<\/p>\n<p>2.2 Debes leer &#8216; Pol\u00edtica de Privacidad que regula la protecci\u00f3n y el uso de la informaci\u00f3n personal de los Usuarios en posesi\u00f3n de y nuestros afiliados. Usted acepta los t\u00e9rminos de la Pol\u00edtica de Privacidad y acepta el uso de la informaci\u00f3n personal sobre usted de acuerdo con la Pol\u00edtica de Privacidad.<\/p>\n<p>2.3 Usted acepta no emprender ninguna acci\u00f3n para socavar la integridad de los sistemas inform\u00e1ticos o redes de y\/o cualquier otro Usuario ni obtener acceso no autorizado a dichos sistemas inform\u00e1ticos o redes.<\/p>\n<p>2.4 Usted acepta no aprovechar ninguna ventaja en el uso de la informaci\u00f3n enumerada en o recibida de cualquier representante de en las actividades incluyendo: establecer niveles de precios, o cotizaciones de productos y servicios que no son comprados de, la preparaci\u00f3n de contenidos del sitio web, la escritura de contratos o acuerdos que son sin su participaci\u00f3n.<\/p>\n<h3>3. Productos y precios<\/h3>\n<p>3.1 Dado que estamos desarrollando y actualizando continuamente nuestros productos y servicios, cualquier especificaci\u00f3n t\u00e9cnica, no t\u00e9cnica, incluyendo, pero no limitado a, p\u00e1ginas web, tablas de informes, figuras, im\u00e1genes, v\u00eddeos o audios de cualquiera de nuestros productos pueden ser alterados o completamente cambiados en formatos y contenidos sin previa notificaci\u00f3n, ya sea en l\u00ednea o fuera de l\u00ednea.<\/p>\n<p>3.2 Los precios indicados en o proporcionados por cualquier representante est\u00e1n sujetos a cambios sin previo aviso.<\/p>\n<h3>4. Limitaci\u00f3n de responsabilidad<\/h3>\n<p>4.1 Cualquier material descargado o obtenido de otra manera a trav\u00e9s se hace en cada Usuario&#8217; s exclusiva discreci\u00f3n y riesgo y cada Usuario es el \u00fanico responsable de cualquier da\u00f1o a &#8216; sistema inform\u00e1tico o p\u00e9rdida de datos que pueda resultar de la descarga de cualquier material de este tipo.<\/p>","protected":false},"excerpt":{"rendered":"<p>Privacy Policy On ( from now on, will be referred as ), as visitor privacy is of our serious concern. This privacy policy page describes what kind of personal information may be received and collected by and how the information will be used. Social and Search Engine Ads As many other professional sites, invest on [&hellip;]<\/p>","protected":false},"author":1,"featured_media":0,"parent":10,"menu_order":9,"comment_status":"closed","ping_status":"closed","template":"Privacy_Policy.php","meta":{"om_disable_all_campaigns":false,"_monsterinsights_skip_tracking":false,"_monsterinsights_sitenote_active":false,"_monsterinsights_sitenote_note":"","_monsterinsights_sitenote_category":0,"footnotes":""},"class_list":["post-24","page","type-page","status-publish","hentry"],"_links":{"self":[{"href":"https:\/\/www.spckitchen.com\/es\/wp-json\/wp\/v2\/pages\/24"}],"collection":[{"href":"https:\/\/www.spckitchen.com\/es\/wp-json\/wp\/v2\/pages"}],"about":[{"href":"https:\/\/www.spckitchen.com\/es\/wp-json\/wp\/v2\/types\/page"}],"author":[{"embeddable":true,"href":"https:\/\/www.spckitchen.com\/es\/wp-json\/wp\/v2\/users\/1"}],"replies":[{"embeddable":true,"href":"https:\/\/www.spckitchen.com\/es\/wp-json\/wp\/v2\/comments?post=24"}],"version-history":[{"count":4,"href":"https:\/\/www.spckitchen.com\/es\/wp-json\/wp\/v2\/pages\/24\/revisions"}],"predecessor-version":[{"id":960,"href":"https:\/\/www.spckitchen.com\/es\/wp-json\/wp\/v2\/pages\/24\/revisions\/960"}],"up":[{"embeddable":true,"href":"https:\/\/www.spckitchen.com\/es\/wp-json\/wp\/v2\/pages\/10"}],"wp:attachment":[{"href":"https:\/\/www.spckitchen.com\/es\/wp-json\/wp\/v2\/media?parent=24"}],"curies":[{"name":"wp","href":"https:\/\/api.w.org\/{rel}","templated":true}]}}