{"id":24,"date":"2020-03-04T11:56:39","date_gmt":"2020-03-04T03:56:39","guid":{"rendered":"http:\/\/www.spckitchen.com\/?page_id=24"},"modified":"2024-10-12T16:20:37","modified_gmt":"2024-10-12T08:20:37","slug":"privacy-policy","status":"publish","type":"page","link":"https:\/\/www.spckitchen.com\/fr\/company-advantage\/privacy-policy\/","title":{"rendered":"Politique de confidentialit\u00e9"},"content":{"rendered":"<h1 style=\"text-align: center;\">Politique de confidentialit\u00e9<\/h1>\n<p>(\u00e0 partir de maintenant, sera d\u00e9sign\u00e9 sous le nom de ), car la vie priv\u00e9e des visiteurs est de notre grave pr\u00e9occupation. Cette page de politique de confidentialit\u00e9 d\u00e9crit le type d\u2019informations personnelles qui peuvent \u00eatre re\u00e7ues et collect\u00e9es par et comment les informations seront utilis\u00e9es.<\/p>\n<h2>Annonces sociales et moteurs de recherche<\/h2>\n<p>Comme beaucoup d'autres sites professionnels, investir sur la publicit\u00e9 Internet. Nos partenaires publicitaires comprennent Facebook Ads et Google ds. Afin de maximiser le ROI de la publicit\u00e9 en ligne et de trouver des clients cibles, certains codes de suivi g\u00e9n\u00e9r\u00e9s par ces moteurs de recherche ont \u00e9t\u00e9 appliqu\u00e9s pour enregistrer les adresses IP des utilisateurs et les flux de visualisation des pages.<\/p>\n<h2>Donn\u00e9es de contact d'entreprise<\/h2>\n<p>Nous recueillons toutes les donn\u00e9es de contact d'entreprise envoy\u00e9es par courriel ou formulaires Web des visiteurs. Les donn\u00e9es d\u2019identification et de contact du visiteur saisies seront conserv\u00e9es strictement pour son utilisation interne. garantir la s\u00e9curit\u00e9 et l\u2019utilisation appropri\u00e9e de ces donn\u00e9es.<\/p>\n<h2>Utilisation des informations<\/h2>\n<p>Nous n'utiliserons que vos informations personnelles identifiables comme d\u00e9crit ci-dessous, \u00e0 moins que vous n'ayez express\u00e9ment consenti \u00e0 un autre type d'utilisation, soit au moment o\u00f9 les informations personnelles identifiables sont collect\u00e9es aupr\u00e8s de vous ou par une autre forme de consentement de votre part:<\/p>\n<p>Nous utiliserons des informations personnellement identifiables pour compl\u00e9ter toutes les commandes que vous avez plac\u00e9es.<\/p>\n<p>Nous utiliserons des informations personnellement identifiables pour vous fournir les services sp\u00e9cifiques que vous avez demand\u00e9s, tels que pour rejoindre un d\u00e9taillant.<\/p>\n<p>Nous utiliserons vos informations personnelles pour r\u00e9pondre aux questions que vous nous envoyez.<\/p>\n<p>Nous utiliserons vos informations personnelles pour vous envoyer des courriels de temps en temps, tels que des bulletins d'information et des avis sur nos promotions.<\/p>\n<p>Nous pouvons divulguer des informations personnellement identifiables comme requis par la loi ou le processus juridique.<\/p>\n<p>Nous pouvons divulguer des informations personnellement identifiables pour enqu\u00eater sur la fraude soup\u00e7onn\u00e9e, le harc\u00e8lement ou d'autres violations de toute loi, r\u00e8gle ou r\u00e8glement, ou les termes ou politiques du site Web.<\/p>\n<h2>OPTION OUT\/CORRECTIONS<\/h2>\n<p>Upon your request, we will (a) correct or update your personal information; (b) stop sending emails to your email address; and\/or (c) disable your account to prevent any future purchases through that account. You can make these requests at the customer information section, or by telephoning, or emailing your request<\/p>\n<p>\u2019s Customer Support Department at . Please do not email your credit card number or other sensitive information.<\/p>\n<h2>Termes et conditions<\/h2>\n<h3>1. Application et acceptation des Conditions<\/h3>\n<p>Bienvenue sur notre site! Le pr\u00e9sent document est un accord juridiquement contraignant entre vous en tant qu'utilisateur(s) du site (d\u00e9sign\u00e9(s) &#8220;vous&#8221;, &#8220;votre&#8221; ou &#8220;Utilisateur&#8221; ci-apr\u00e8s) et &#8212; propri\u00e9taire du site.<\/p>\n<p>1.1 Votre utilisation de &#8216; services et produits (collectivement les &#8220;Services&#8221; ci-apr\u00e8s) est soumis aux termes et conditions contenus dans le pr\u00e9sent document ainsi que la Politique de confidentialit\u00e9 et toutes autres r\u00e8gles et politiques qui peuvent \u00eatre publi\u00e9es de temps en temps. Ce document et ces autres r\u00e8gles et politiques sont collectivement d\u00e9sign\u00e9s ci-dessous comme &#8220; Conditions&#8221; En acc\u00e9dant ou en utilisant les Services, vous acceptez d'accepter et d'\u00eatre li\u00e9 par les Conditions. Veuillez ne pas utiliser les Services ou si vous n'acceptez pas toutes les Conditions.<\/p>\n<p>1.2 Vous ne pouvez pas utiliser les Services et ne pouvez pas accepter les Conditions si (a) vous n'\u00eates pas d'\u00e2ge l\u00e9gal pour conclure un contrat contraignant avec, ou (b) vous n'\u00eates pas autoris\u00e9 \u00e0 recevoir des Services en vertu des lois de la R\u00e9publique populaire de Chine ou d'autres pays \/ r\u00e9gions, y compris le pays \/ r\u00e9gion dans lequel vous r\u00e9sidez ou \u00e0 partir duquel vous utilisez les Services.<\/p>\n<p>1.3 Vous reconnaissez et acceptez que vous pouvez modifier les Conditions \u00e0 tout moment en affichant les Conditions modifi\u00e9es et refaites pertinentes sur . En continuant \u00e0 utiliser les Services ou, vous acceptez que les Conditions modifi\u00e9es s'appliquent \u00e0 vous.<\/p>\n<h3>2. Utilisateurs en g\u00e9n\u00e9ral<\/h3>\n<p>2.1 En tant que condition de votre acc\u00e8s et utilisation des Services, vous acceptez de vous conformer \u00e0 toutes les lois et r\u00e8glements applicables lors de l\u2019utilisation des Services.<\/p>\n<p>2.2 Vous devez lire &#8216; Politique de confidentialit\u00e9 qui r\u00e9git la protection et l'utilisation des informations personnelles concernant les utilisateurs en possession de nos soci\u00e9t\u00e9s affili\u00e9es. Vous acceptez les termes de la Politique de confidentialit\u00e9 et acceptez l'utilisation des informations personnelles vous concernant conform\u00e9ment \u00e0 la Politique de confidentialit\u00e9.<\/p>\n<p>2.3 Vous acceptez de ne pas entreprendre d\u2019action visant \u00e0 porter atteinte \u00e0 l\u2019int\u00e9grit\u00e9 des syst\u00e8mes informatiques ou r\u00e9seaux de l\u2019Utilisateur et\/ou de tout autre Utilisateur, ni d\u2019obtenir un acc\u00e8s non autoris\u00e9 \u00e0 ces syst\u00e8mes informatiques ou r\u00e9seaux.<\/p>\n<p>2.4 Vous acceptez de ne tirer aucun avantage de l\u2019utilisation des informations \u00e9num\u00e9r\u00e9es sur ou re\u00e7ues de repr\u00e9sentants des activit\u00e9s, y compris: la fixation de niveaux de prix, ou des devis de produits et services qui ne sont pas achet\u00e9s, la pr\u00e9paration du contenu du site Web, l\u2019\u00e9criture de contrats ou d\u2019accords qui sont sans sa participation.<\/p>\n<h3>3. Produits et prix<\/h3>\n<p>3.1 Puisque nous d\u00e9veloppons et am\u00e9liorons continuellement nos produits et services, toute sp\u00e9cification technique, non technique, y compris, mais sans s'y limiter, les pages Web, les tableaux de rapports, les figures, les images, les vid\u00e9os ou les audios de l'un quelconque de nos produits peuvent \u00eatre modifi\u00e9es ou compl\u00e8tement modifi\u00e9es dans les formats et le contenu sans pr\u00e9avis en ligne ou hors ligne.<\/p>\n<p>3.2 Les prix indiqu\u00e9s sur ou fournis par des repr\u00e9sentants de sont sujets \u00e0 changement sans pr\u00e9avis.<\/p>\n<h3>4. Limitation de responsabilit\u00e9<\/h3>\n<p>4.1 Tout mat\u00e9riel t\u00e9l\u00e9charg\u00e9 ou autrement obtenu \u00e0 travers est fait \u00e0 chaque Utilisateur&#8217; s seule discr\u00e9tion et risque et chaque utilisateur est seul responsable de tout dommage \u00e0 &#8216; syst\u00e8me informatique ou la perte de donn\u00e9es qui peuvent r\u00e9sulter du t\u00e9l\u00e9chargement de tout tel mat\u00e9riel.<\/p>","protected":false},"excerpt":{"rendered":"<p>Privacy Policy On ( from now on, will be referred as ), as visitor privacy is of our serious concern. This privacy policy page describes what kind of personal information may be received and collected by and how the information will be used. Social and Search Engine Ads As many other professional sites, invest on [&hellip;]<\/p>","protected":false},"author":1,"featured_media":0,"parent":10,"menu_order":9,"comment_status":"closed","ping_status":"closed","template":"Privacy_Policy.php","meta":{"om_disable_all_campaigns":false,"_monsterinsights_skip_tracking":false,"_monsterinsights_sitenote_active":false,"_monsterinsights_sitenote_note":"","_monsterinsights_sitenote_category":0,"footnotes":""},"class_list":["post-24","page","type-page","status-publish","hentry"],"_links":{"self":[{"href":"https:\/\/www.spckitchen.com\/fr\/wp-json\/wp\/v2\/pages\/24"}],"collection":[{"href":"https:\/\/www.spckitchen.com\/fr\/wp-json\/wp\/v2\/pages"}],"about":[{"href":"https:\/\/www.spckitchen.com\/fr\/wp-json\/wp\/v2\/types\/page"}],"author":[{"embeddable":true,"href":"https:\/\/www.spckitchen.com\/fr\/wp-json\/wp\/v2\/users\/1"}],"replies":[{"embeddable":true,"href":"https:\/\/www.spckitchen.com\/fr\/wp-json\/wp\/v2\/comments?post=24"}],"version-history":[{"count":4,"href":"https:\/\/www.spckitchen.com\/fr\/wp-json\/wp\/v2\/pages\/24\/revisions"}],"predecessor-version":[{"id":960,"href":"https:\/\/www.spckitchen.com\/fr\/wp-json\/wp\/v2\/pages\/24\/revisions\/960"}],"up":[{"embeddable":true,"href":"https:\/\/www.spckitchen.com\/fr\/wp-json\/wp\/v2\/pages\/10"}],"wp:attachment":[{"href":"https:\/\/www.spckitchen.com\/fr\/wp-json\/wp\/v2\/media?parent=24"}],"curies":[{"name":"wp","href":"https:\/\/api.w.org\/{rel}","templated":true}]}}