{"id":24,"date":"2020-03-04T11:56:39","date_gmt":"2020-03-04T03:56:39","guid":{"rendered":"http:\/\/www.spckitchen.com\/?page_id=24"},"modified":"2024-10-12T16:20:37","modified_gmt":"2024-10-12T08:20:37","slug":"privacy-policy","status":"publish","type":"page","link":"https:\/\/www.spckitchen.com\/pt\/company-advantage\/privacy-policy\/","title":{"rendered":"Pol\u00edtica de Privacidade"},"content":{"rendered":"<h1 style=\"text-align: center;\">Pol\u00edtica de Privacidade<\/h1>\n<p>De agora em diante, ser\u00e1 referido como ), pois a privacidade dos visitantes \u00e9 de nossa s\u00e9ria preocupa\u00e7\u00e3o. Esta p\u00e1gina da pol\u00edtica de privacidade descreve o tipo de informa\u00e7\u00e3o pessoal que pode ser recebida e coletada por e como a informa\u00e7\u00e3o ser\u00e1 utilizada.<\/p>\n<h2>An\u00fancios de Motor Social e de Pesquisa<\/h2>\n<p>Como muitos outros sites profissionais, investir no an\u00fancio da internet. Nossos parceiros de publicidade incluem Facebook Ads e Google ds. Para maximizar o ROI de publicidade online e encontrar clientes alvo, aplicaram alguns c\u00f3digos de rastreamento gerados por esses motores de busca para gravar IP de usu\u00e1rios e fluxos de vista de p\u00e1ginas.<\/p>\n<h2>Datos de Contacto de Neg\u00f3cios<\/h2>\n<p>N\u00f3s coletamos todos os dados de contato de neg\u00f3cios enviados atrav\u00e9s de e-mails ou formul\u00e1rios web de visitantes. A identifica\u00e7\u00e3o dos visitantes e os dados relacionados ao contato introduzidos ser\u00e3o mantidos estritamente para uso interno. assegurar\u00e1 a seguran\u00e7a e o uso adequado desses dados.<\/p>\n<h2>Utiliza\u00e7\u00e3o da Informa\u00e7\u00e3o<\/h2>\n<p>N\u00f3s s\u00f3 usaremos sua informa\u00e7\u00e3o pessoalmente identific\u00e1vel como descrita abaixo, a menos que voc\u00ea tenha expressamente consentido a outro tipo de uso, seja na \u00e9poca em que a informa\u00e7\u00e3o pessoalmente identific\u00e1vel \u00e9 coletada de voc\u00ea ou atrav\u00e9s de outra forma de consentimento de voc\u00ea:<\/p>\n<p>Usaremos informa\u00e7\u00f5es pessoalmente identific\u00e1veis para completar todas as ordens que voc\u00ea colocou<\/p>\n<p>Usaremos informa\u00e7\u00f5es pessoalmente identific\u00e1veis para fornecer-lhes os servi\u00e7os espec\u00edficos que voc\u00ea pediu, como chegar a um retalhista.<\/p>\n<p>Usaremos sua informa\u00e7\u00e3o pessoalmente identific\u00e1vel para responder a perguntas que voc\u00ea nos envia.<\/p>\n<p>Usaremos sua informa\u00e7\u00e3o pessoalmente identific\u00e1vel para enviar e-mails de vez em quando, como cartas de not\u00edcias e not\u00edcias sobre nossas promo\u00e7\u00f5es.<\/p>\n<p>Podemos divulgar informa\u00e7\u00f5es pessoalmente identific\u00e1veis como exigido pela lei ou processo jur\u00eddico.<\/p>\n<p>Podemos divulgar informa\u00e7\u00f5es pessoalmente identific\u00e1veis para investigar suspeitas de fraude, ass\u00e9dio ou outras viola\u00e7\u00f5es de qualquer lei, regra ou regula\u00e7\u00e3o, ou os termos ou pol\u00edticas do site Web.<\/p>\n<h2>OPTION OUT\/CORRECTIONS<\/h2>\n<p>Upon your request, we will (a) correct or update your personal information; (b) stop sending emails to your email address; and\/or (c) disable your account to prevent any future purchases through that account. You can make these requests at the customer information section, or by telephoning, or emailing your request<\/p>\n<p>\u2019s Customer Support Department at . Please do not email your credit card number or other sensitive information.<\/p>\n<h2>Condi\u00e7\u00f5es<\/h2>\n<h3>1. Aplica\u00e7\u00e3o e Aceita\u00e7\u00e3o dos Termos<\/h3>\n<p>Bem-vindos ao nosso site! Este documento \u00e9 um acordo jur\u00eddicamente vinculativo entre voc\u00eas como usu\u00e1rios do site (denominado &#8220;you&#8221;, &#8220;your&#8221; ou &#8220;User&#8221; a seguir) e &#8212; - propriet\u00e1rio do site.<\/p>\n<p>1.1 Seu uso de &#8216; s servi\u00e7os, e produtos (coletivamente denominados &#8220;Servi\u00e7os &#8221; a seguir) est\u00e3o sujeitos aos termos e condi\u00e7\u00f5es contidos neste documento, bem como \u00e0 Pol\u00edtica de Privacidade e quaisquer outras regras e pol\u00edticas dessas podem ser publicadas de vez em quando. Este documento e essas outras regras e pol\u00edticas s\u00e3o coletivamente referidos abaixo como &#8220; Termos Ao acessar ou utilizar os Servi\u00e7os, voc\u00ea concorda em aceitar e estar vinculado pelos Termos. Por favor, n\u00e3o utilize os Servi\u00e7os ou se voc\u00ea n\u00e3o aceita todos os Termos.<\/p>\n<p>1.2 Voc\u00ea pode n\u00e3o usar os Servi\u00e7os e n\u00e3o aceitar os Termos se a) voc\u00ea n\u00e3o tem idade legal para formar um contrato vinculativo com , ou b) voc\u00ea n\u00e3o est\u00e1 autorizado a receber qualquer Servi\u00e7o nos termos das leis da RP China ou de outros pa\u00edses \/ regi\u00f5es incluindo o pa\u00eds \/ regi\u00e3o em que voc\u00ea reside ou de onde voc\u00ea utiliza os Servi\u00e7os.<\/p>\n<p>1.3 Voc\u00ea reconhece e concorda que pode alterar qualquer Termo em qualquer momento, publicando os Termos alterados e reiniciados relevantes em . Ao continuar a usar os Servi\u00e7os ou, voc\u00ea concorda que os Termos alterados se aplicar\u00e3o a voc\u00ea.<\/p>\n<h3>2. Usadores geralmente<\/h3>\n<p>2.1 Como condi\u00e7\u00e3o de seu acesso e uso a ou Servi\u00e7os, voc\u00ea concorda em cumprir todas as leis e regulamentos aplic\u00e1veis quando utilizar ou servi\u00e7os.<\/p>\n<p>2.2 Voc\u00ea deve ler: s Pol\u00edtica de Privacidade que governa a prote\u00e7\u00e3o e o uso de informa\u00e7\u00f5es pessoais sobre usu\u00e1rios na posse de e de nossas afiliadas. Voc\u00ea aceita os termos da Pol\u00edtica de Privacidade e concorda com o uso da informa\u00e7\u00e3o pessoal sobre voc\u00ea de acordo com a Pol\u00edtica de Privacidade.<\/p>\n<p>2.3 Voc\u00ea concorda em n\u00e3o empreender nenhuma a\u00e7\u00e3o para prejudicar a integridade dos sistemas de computador ou redes de e\/ou de qualquer outro Utilizador, nem ganhar acesso n\u00e3o autorizado a esses sistemas ou redes de computador.<\/p>\n<p>2.4 Voc\u00ea concorda em n\u00e3o aproveitar qualquer vantagem na utiliza\u00e7\u00e3o das informa\u00e7\u00f5es enumeradas ou recebidas de qualquer representante das atividades, incluindo: estabelecer n\u00edveis de pre\u00e7os, ou cita\u00e7\u00f5es de produtos e servi\u00e7os que n\u00e3o sejam comprados, preparar conte\u00fados do site, escrever contratos ou acordos que n\u00e3o tenham participa\u00e7\u00e3o.<\/p>\n<h3>3. Produtos e Pre\u00e7os<\/h3>\n<p>3.1 Uma vez que estamos continuamente desenvolvendo e actualizando nossos produtos e servi\u00e7os, qualquer especifica\u00e7\u00e3o t\u00e9cnica, n\u00e3o t\u00e9cnica, incluindo, mas n\u00e3o limitada a p\u00e1ginas web, tabelas de relat\u00f3rios, figuras, imagens, v\u00eddeos ou \u00e1udios de qualquer um dos produtos de pode ser alterada ou completamente alterada em formatos e conte\u00fados sem uma notifica\u00e7\u00e3o pr\u00e9via online ou offline.<\/p>\n<p>3.2 Os pre\u00e7os enumerados ou fornecidos por qualquer representante s\u00e3o sujeitos a mudan\u00e7as sem aviso pr\u00e9vio.<\/p>\n<h3>4. Limita\u00e7\u00e3o da responsabilidade<\/h3>\n<p>4.1 Qualquer material descarregado ou obtido de outro modo \u00e9 feito em cada usu\u00e1rio&#8217; s exclusiva discri\u00e7\u00e3o e risco e cada Utilizador \u00e9 exclusivamente respons\u00e1vel por qualquer dano a &#8216; o sistema de computador ou perda de dados que podem resultar do download de qualquer desses materiais.<\/p>","protected":false},"excerpt":{"rendered":"<p>Privacy Policy On ( from now on, will be referred as ), as visitor privacy is of our serious concern. This privacy policy page describes what kind of personal information may be received and collected by and how the information will be used. Social and Search Engine Ads As many other professional sites, invest on [&hellip;]<\/p>","protected":false},"author":1,"featured_media":0,"parent":10,"menu_order":9,"comment_status":"closed","ping_status":"closed","template":"Privacy_Policy.php","meta":{"om_disable_all_campaigns":false,"_monsterinsights_skip_tracking":false,"_monsterinsights_sitenote_active":false,"_monsterinsights_sitenote_note":"","_monsterinsights_sitenote_category":0,"footnotes":""},"class_list":["post-24","page","type-page","status-publish","hentry"],"_links":{"self":[{"href":"https:\/\/www.spckitchen.com\/pt\/wp-json\/wp\/v2\/pages\/24"}],"collection":[{"href":"https:\/\/www.spckitchen.com\/pt\/wp-json\/wp\/v2\/pages"}],"about":[{"href":"https:\/\/www.spckitchen.com\/pt\/wp-json\/wp\/v2\/types\/page"}],"author":[{"embeddable":true,"href":"https:\/\/www.spckitchen.com\/pt\/wp-json\/wp\/v2\/users\/1"}],"replies":[{"embeddable":true,"href":"https:\/\/www.spckitchen.com\/pt\/wp-json\/wp\/v2\/comments?post=24"}],"version-history":[{"count":4,"href":"https:\/\/www.spckitchen.com\/pt\/wp-json\/wp\/v2\/pages\/24\/revisions"}],"predecessor-version":[{"id":960,"href":"https:\/\/www.spckitchen.com\/pt\/wp-json\/wp\/v2\/pages\/24\/revisions\/960"}],"up":[{"embeddable":true,"href":"https:\/\/www.spckitchen.com\/pt\/wp-json\/wp\/v2\/pages\/10"}],"wp:attachment":[{"href":"https:\/\/www.spckitchen.com\/pt\/wp-json\/wp\/v2\/media?parent=24"}],"curies":[{"name":"wp","href":"https:\/\/api.w.org\/{rel}","templated":true}]}}